{"id":826,"date":"2020-07-02T07:27:03","date_gmt":"2020-07-02T07:27:03","guid":{"rendered":"https:\/\/rifugiopomedescortina.com\/home\/"},"modified":"2024-01-18T16:54:36","modified_gmt":"2024-01-18T16:54:36","slug":"home","status":"publish","type":"page","link":"https:\/\/rifugiopomedescortina.com\/de\/","title":{"rendered":"Home"},"content":{"rendered":"\n\n\t\t\t<a href=\"tel:+390436 862061\" target=\"_self\" role=\"button\" rel=\"noopener\">\n\t\t\t\t\t\tTel. +39 0436 862061\n\t\t\t\t\t<\/a>\n\t\t\t<a href=\"https:\/\/rifugiopomedescortina.com\/de\/anfragen\/\" target=\"_self\" role=\"button\" rel=\"noopener\">\n\t\t\t\t\t\tBUCHUNGSANFRAGEN\n\t\t\t\t\t<\/a>\n<h5>\n\t\tDie H\u00fctte ist bis zur Wiederer\u00f6ffnung im Winter geschlossen, <br \/>Buchungen werden f\u00fcr den Sommer 2024 entgegengenommen.\n\t<\/h5>\n\t<h1>\u00dcber Cortina, \u00fcber den Wolken<\/h1>\n<hr \/>\nIm Herzen der Tofane, am Fu\u00dfe von Punta Anna und oberhalb von Cortina bietet unsere H\u00fctte eine weite Terrasse mit Blick auf einige der sch\u00f6nsten Gipfel der Dolomiten.<br \/>\nPomedes wurde im Jahre 1955 von dem Bergf\u00fchrer und Skilehrer Luigi Ghedina &#8218;Bibi&#8216; zusammen mit seiner Ehefrau Lucilla Gilmozzi gebaut, heute wird die H\u00fctte von ihren j\u00fcngeren Kindern, Ruggero und Renata, mit derselben Hingabe und Leidenschaft geleitet.\n<p>Image already added<\/p>\n<p>Image already added<\/p>\n\t\t\t<a href=\"\/?page_id=118\" target=\"_self\" role=\"button\" rel=\"noopener\">\n\t\t\t\t\t\t\tENTDECKEN SIE DIE BERGH\u00dcTTE\n\t\t\t\t\t<\/a>\n\t<h2>Schlafen auf 2200 Metern<\/h2>\nJedes Zimmer der H\u00fctte Rifugio Pomedes, idealer Ausgangspunkt f\u00fcr Skitouren im Winter und Klettersteige im Sommer, ist in typischem Alpin-Styl eingerichtet.<br \/>\nDie Zimmer verf\u00fcgen \u00fcber ein Badezimmer, WLAN und einige haben einen Balkon und den Fernseher.<br \/>\nEs gibt auch einen Schlafsaal mit 12 mit Matratzen\u00fcberzug und Daunendecke ausgestatteten Betten.\n\t\t\t<a href=\"\/?page_id=122\" target=\"_self\" role=\"button\" rel=\"noopener\">\n\t\t\t\t\t\t\tDie Zimmer\n\t\t\t\t\t<\/a>\n<h2>\n\t\tAktivit\u00e4ten f\u00fcr alle Jahreszeiten\n\t<\/h2>\n\t<hr \/>\nIm Winter ist die H\u00fctte Ausgangspunkt f\u00fcr einige der wichtigsten und bekanntesten Skipisten der Tofane, wo auch der Damen Alpinski-Weltcup startet.<br \/>\nIm Sommer ist sie ein idealer St\u00fctzpunkt f\u00fcr f\u00fcnf Klettersteige, die sowohl f\u00fcr Erwachsene als auch f\u00fcr Kinder geeignet sind.\n\t\t\t<a href=\"#\" target=\"_self\" role=\"button\" rel=\"noopener\">\n\t\t\t\t\t\t\tIM WINTER\n\t\t\t\t\t<\/a>\n\t\t\t<a href=\"#\" target=\"_self\" role=\"button\" rel=\"noopener\">\n\t\t\t\t\t\t\tIM SOMMER\n\t\t\t\t\t<\/a>\n\t<h2>In den Bergen mit Geschmack<\/h2>\n Unsere K\u00fcche bereitet einfache Gerichte der Ampezzo-Tradition, in einer modernen Version umgestaltet, zu, wie z. B. &#8218;Bis di Pomedes&#8216; serviert als Kl\u00f6\u00dfchen aus Roten R\u00fcben und Canederli aus Spinat oder den Teller &#8218;Punta Anna&#8216; mit Casunzei aus Roten R\u00fcben und Teigtaschen aus Brennnessel und Ricotta-K\u00e4se.<br \/>\nWir bieten hausgemachte Nachspeisen, nach antiken Rezepten der Gro\u00dfmutter Lucilla gebacken, wie den Apfelkuchen. \n\t\t\t<a href=\"#\" target=\"_self\" role=\"button\" rel=\"noopener\">\n\t\t\t\t\t\t\tDAS RESTAURANT\n\t\t\t\t\t<\/a>\n<h2>\n\t\tSOCIAL WALL\n\t<\/h2>\n\t<hr \/>\n<p>Viel Spa\u00df beim St\u00f6bern in der sozialen Wand, einer Collage aus Kommentaren und Bildern, die von uns und unseren wundersch\u00f6nen Bergen sprechen!<\/p>\n\t\t\t<a href=\"\/?page_id=215\" target=\"_self\" role=\"button\" rel=\"noopener\">\n\t\t\t\t\t\t\tSEHEN\n\t\t\t\t\t<\/a>\n<h2>\n\t\tReservierungen und Anfragen\n\t<\/h2>\n\t<p>Buchen Sie Ihren Aufenthalt in der Bergh\u00fctte Pomedes sicher \u00fcber das Online-Buchungssystem. Wenn Sie m\u00f6chten, k\u00f6nnen Sie uns auch kontaktieren, indem Sie das Anfrageformular ausf\u00fcllen.<\/p>\n\t\t\t<a href=\"\/?page_id=128\" target=\"_self\" role=\"button\" rel=\"noopener\">\n\t\t\t\t\t\t\tSENDEN SIE IHRE ANFRAGE\n\t\t\t\t\t<\/a>\n\t\t\t\t<a href=\"\/?page_id=578\" target=\"_self\" itemprop=\"url\" rel=\"noopener\">\n\t\t\t\t<img loading=\"lazy\" decoding=\"async\" src=\"https:\/\/rifugiopomedescortina.com\/wp-content\/uploads\/2019\/10\/psr-contrib.png\" alt=\"Fondo Europeo Agricolo\" itemprop=\"image\" height=\"310\" width=\"584\" title=\"psr-contrib\" onerror=\"this.style.display='none'\"  \/>\n\t\t\t\t<\/a>\n\t<h5>Contact us<\/h5>\n 0436 862061<br \/>\n<a href=\"mailto:info@rifugiopomedescortina.com\"> E-mail<\/a>\n\t<h5>Website policy<\/h5>\n<p><a href=\"https:\/\/rifugiopomedescortina.com\/privacy\/\">Privacy e Cookie Policy<\/a><\/p>\n\t<h5>Connect us<\/h5>\n<div class=\"wpbf-social-icons  wpbf-social-shape-plain   wpbf-social-size-large\"><a class=\"wpbf-social-icon wpbf-social-facebook\" target=\"_blank\" href=\"https:\/\/www.facebook.com\/rifugiopomedes\/\" title=\"Facebook\"><i class=\"wpbff wpbff-facebook\" aria-hidden=\"true\"><\/i><\/a><a class=\"wpbf-social-icon wpbf-social-instagram\" target=\"_blank\" href=\"https:\/\/www.instagram.com\/rifugiopomedes\/\" title=\"Instagram\"><i class=\"wpbff wpbff-instagram\" aria-hidden=\"true\"><\/i><\/a><\/div>\n\t<h5>RIFUGIO POMEDES<\/h5>\nTorrioni di Pomedes 1<br \/>\nCortina d&#8217;Ampezzo, ITALY\n\n","protected":false},"excerpt":{"rendered":"<p>Tel. +39 0436 862061 BUCHUNGSANFRAGEN Die H\u00fctte ist bis zur Wiederer\u00f6ffnung im Winter geschlossen, Buchungen werden f\u00fcr den Sommer 2024 entgegengenommen. \u00dcber Cortina, \u00fcber den Wolken Im Herzen der Tofane, am Fu\u00dfe von Punta Anna und oberhalb von Cortina bietet unsere H\u00fctte eine weite Terrasse mit Blick auf einige der sch\u00f6nsten Gipfel der Dolomiten. Pomedes [&hellip;]<\/p>\n","protected":false},"author":1,"featured_media":0,"parent":0,"menu_order":0,"comment_status":"closed","ping_status":"closed","template":"","meta":{"inline_featured_image":false,"footnotes":""},"class_list":["post-826","page","type-page","status-publish","hentry","wpbf-post"],"yoast_head":"<!-- This site is optimized with the Yoast SEO plugin v26.1.1 - https:\/\/yoast.com\/wordpress\/plugins\/seo\/ -->\n<title>Pomedes Bergh\u00fctte in Cortina d&#039;ampezzo<\/title>\n<meta name=\"robots\" content=\"index, follow, max-snippet:-1, max-image-preview:large, max-video-preview:-1\" \/>\n<link rel=\"canonical\" href=\"https:\/\/rifugiopomedescortina.com\/\" \/>\n<meta property=\"og:locale\" content=\"de_DE\" \/>\n<meta property=\"og:type\" content=\"article\" \/>\n<meta property=\"og:title\" content=\"Pomedes Bergh\u00fctte in Cortina d&#039;ampezzo\" \/>\n<meta property=\"og:description\" content=\"Tel. +39 0436 862061 BUCHUNGSANFRAGEN Die H\u00fctte ist bis zur Wiederer\u00f6ffnung im Winter geschlossen, Buchungen werden f\u00fcr den Sommer 2024 entgegengenommen. \u00dcber Cortina, \u00fcber den Wolken Im Herzen der Tofane, am Fu\u00dfe von Punta Anna und oberhalb von Cortina bietet unsere H\u00fctte eine weite Terrasse mit Blick auf einige der sch\u00f6nsten Gipfel der Dolomiten. Pomedes [&hellip;]\" \/>\n<meta property=\"og:url\" content=\"https:\/\/rifugiopomedescortina.com\/\" \/>\n<meta property=\"og:site_name\" content=\"Rifugio Pomedes Cortina d&#039;Ampezzo\" \/>\n<meta property=\"article:modified_time\" content=\"2024-01-18T16:54:36+00:00\" \/>\n<meta property=\"og:image\" content=\"https:\/\/rifugiopomedescortina.com\/wp-content\/uploads\/2019\/10\/psr-contrib.png\" \/>\n<meta name=\"twitter:card\" content=\"summary_large_image\" \/>\n<meta name=\"twitter:label1\" content=\"Gesch\u00e4tzte Lesezeit\" \/>\n\t<meta name=\"twitter:data1\" content=\"2\u00a0Minuten\" \/>\n<script type=\"application\/ld+json\" class=\"yoast-schema-graph\">{\"@context\":\"https:\/\/schema.org\",\"@graph\":[{\"@type\":\"WebPage\",\"@id\":\"https:\/\/rifugiopomedescortina.com\/\",\"url\":\"https:\/\/rifugiopomedescortina.com\/\",\"name\":\"Pomedes Bergh\u00fctte in Cortina d'ampezzo\",\"isPartOf\":{\"@id\":\"https:\/\/rifugiopomedescortina.com\/#website\"},\"primaryImageOfPage\":{\"@id\":\"https:\/\/rifugiopomedescortina.com\/#primaryimage\"},\"image\":{\"@id\":\"https:\/\/rifugiopomedescortina.com\/#primaryimage\"},\"thumbnailUrl\":\"https:\/\/rifugiopomedescortina.com\/wp-content\/uploads\/2019\/10\/psr-contrib.png\",\"datePublished\":\"2020-07-02T07:27:03+00:00\",\"dateModified\":\"2024-01-18T16:54:36+00:00\",\"breadcrumb\":{\"@id\":\"https:\/\/rifugiopomedescortina.com\/#breadcrumb\"},\"inLanguage\":\"de\",\"potentialAction\":[{\"@type\":\"ReadAction\",\"target\":[\"https:\/\/rifugiopomedescortina.com\/\"]}]},{\"@type\":\"ImageObject\",\"inLanguage\":\"de\",\"@id\":\"https:\/\/rifugiopomedescortina.com\/#primaryimage\",\"url\":\"https:\/\/rifugiopomedescortina.com\/wp-content\/uploads\/2019\/10\/psr-contrib.png\",\"contentUrl\":\"https:\/\/rifugiopomedescortina.com\/wp-content\/uploads\/2019\/10\/psr-contrib.png\"},{\"@type\":\"BreadcrumbList\",\"@id\":\"https:\/\/rifugiopomedescortina.com\/#breadcrumb\",\"itemListElement\":[{\"@type\":\"ListItem\",\"position\":1,\"name\":\"Home\",\"item\":\"https:\/\/rifugiopomedescortina.com\/\"},{\"@type\":\"ListItem\",\"position\":2,\"name\":\"Home\"}]},{\"@type\":\"WebSite\",\"@id\":\"https:\/\/rifugiopomedescortina.com\/#website\",\"url\":\"https:\/\/rifugiopomedescortina.com\/\",\"name\":\"Rifugio Pomedes Cortina d'Ampezzo\",\"description\":\"Tofane - Dolomiti - Italy\",\"publisher\":{\"@id\":\"https:\/\/rifugiopomedescortina.com\/#organization\"},\"potentialAction\":[{\"@type\":\"SearchAction\",\"target\":{\"@type\":\"EntryPoint\",\"urlTemplate\":\"https:\/\/rifugiopomedescortina.com\/?s={search_term_string}\"},\"query-input\":{\"@type\":\"PropertyValueSpecification\",\"valueRequired\":true,\"valueName\":\"search_term_string\"}}],\"inLanguage\":\"de\"},{\"@type\":\"Organization\",\"@id\":\"https:\/\/rifugiopomedescortina.com\/#organization\",\"name\":\"Rifugio Pomedes Cortina d'Ampezzo\",\"url\":\"https:\/\/rifugiopomedescortina.com\/\",\"logo\":{\"@type\":\"ImageObject\",\"inLanguage\":\"de\",\"@id\":\"https:\/\/rifugiopomedescortina.com\/#\/schema\/logo\/image\/\",\"url\":\"https:\/\/rifugiopomedescortina.com\/wp-content\/uploads\/2019\/05\/pomedes-logo.svg\",\"contentUrl\":\"https:\/\/rifugiopomedescortina.com\/wp-content\/uploads\/2019\/05\/pomedes-logo.svg\",\"caption\":\"Rifugio Pomedes Cortina d'Ampezzo\"},\"image\":{\"@id\":\"https:\/\/rifugiopomedescortina.com\/#\/schema\/logo\/image\/\"}}]}<\/script>\n<!-- \/ Yoast SEO plugin. -->","yoast_head_json":{"title":"Pomedes Bergh\u00fctte in Cortina d'ampezzo","robots":{"index":"index","follow":"follow","max-snippet":"max-snippet:-1","max-image-preview":"max-image-preview:large","max-video-preview":"max-video-preview:-1"},"canonical":"https:\/\/rifugiopomedescortina.com\/","og_locale":"de_DE","og_type":"article","og_title":"Pomedes Bergh\u00fctte in Cortina d'ampezzo","og_description":"Tel. +39 0436 862061 BUCHUNGSANFRAGEN Die H\u00fctte ist bis zur Wiederer\u00f6ffnung im Winter geschlossen, Buchungen werden f\u00fcr den Sommer 2024 entgegengenommen. \u00dcber Cortina, \u00fcber den Wolken Im Herzen der Tofane, am Fu\u00dfe von Punta Anna und oberhalb von Cortina bietet unsere H\u00fctte eine weite Terrasse mit Blick auf einige der sch\u00f6nsten Gipfel der Dolomiten. Pomedes [&hellip;]","og_url":"https:\/\/rifugiopomedescortina.com\/","og_site_name":"Rifugio Pomedes Cortina d'Ampezzo","article_modified_time":"2024-01-18T16:54:36+00:00","og_image":[{"url":"https:\/\/rifugiopomedescortina.com\/wp-content\/uploads\/2019\/10\/psr-contrib.png","type":"","width":"","height":""}],"twitter_card":"summary_large_image","twitter_misc":{"Gesch\u00e4tzte Lesezeit":"2\u00a0Minuten"},"schema":{"@context":"https:\/\/schema.org","@graph":[{"@type":"WebPage","@id":"https:\/\/rifugiopomedescortina.com\/","url":"https:\/\/rifugiopomedescortina.com\/","name":"Pomedes Bergh\u00fctte in Cortina d'ampezzo","isPartOf":{"@id":"https:\/\/rifugiopomedescortina.com\/#website"},"primaryImageOfPage":{"@id":"https:\/\/rifugiopomedescortina.com\/#primaryimage"},"image":{"@id":"https:\/\/rifugiopomedescortina.com\/#primaryimage"},"thumbnailUrl":"https:\/\/rifugiopomedescortina.com\/wp-content\/uploads\/2019\/10\/psr-contrib.png","datePublished":"2020-07-02T07:27:03+00:00","dateModified":"2024-01-18T16:54:36+00:00","breadcrumb":{"@id":"https:\/\/rifugiopomedescortina.com\/#breadcrumb"},"inLanguage":"de","potentialAction":[{"@type":"ReadAction","target":["https:\/\/rifugiopomedescortina.com\/"]}]},{"@type":"ImageObject","inLanguage":"de","@id":"https:\/\/rifugiopomedescortina.com\/#primaryimage","url":"https:\/\/rifugiopomedescortina.com\/wp-content\/uploads\/2019\/10\/psr-contrib.png","contentUrl":"https:\/\/rifugiopomedescortina.com\/wp-content\/uploads\/2019\/10\/psr-contrib.png"},{"@type":"BreadcrumbList","@id":"https:\/\/rifugiopomedescortina.com\/#breadcrumb","itemListElement":[{"@type":"ListItem","position":1,"name":"Home","item":"https:\/\/rifugiopomedescortina.com\/"},{"@type":"ListItem","position":2,"name":"Home"}]},{"@type":"WebSite","@id":"https:\/\/rifugiopomedescortina.com\/#website","url":"https:\/\/rifugiopomedescortina.com\/","name":"Rifugio Pomedes Cortina d'Ampezzo","description":"Tofane - Dolomiti - Italy","publisher":{"@id":"https:\/\/rifugiopomedescortina.com\/#organization"},"potentialAction":[{"@type":"SearchAction","target":{"@type":"EntryPoint","urlTemplate":"https:\/\/rifugiopomedescortina.com\/?s={search_term_string}"},"query-input":{"@type":"PropertyValueSpecification","valueRequired":true,"valueName":"search_term_string"}}],"inLanguage":"de"},{"@type":"Organization","@id":"https:\/\/rifugiopomedescortina.com\/#organization","name":"Rifugio Pomedes Cortina d'Ampezzo","url":"https:\/\/rifugiopomedescortina.com\/","logo":{"@type":"ImageObject","inLanguage":"de","@id":"https:\/\/rifugiopomedescortina.com\/#\/schema\/logo\/image\/","url":"https:\/\/rifugiopomedescortina.com\/wp-content\/uploads\/2019\/05\/pomedes-logo.svg","contentUrl":"https:\/\/rifugiopomedescortina.com\/wp-content\/uploads\/2019\/05\/pomedes-logo.svg","caption":"Rifugio Pomedes Cortina d'Ampezzo"},"image":{"@id":"https:\/\/rifugiopomedescortina.com\/#\/schema\/logo\/image\/"}}]}},"_links":{"self":[{"href":"https:\/\/rifugiopomedescortina.com\/de\/wp-json\/wp\/v2\/pages\/826","targetHints":{"allow":["GET"]}}],"collection":[{"href":"https:\/\/rifugiopomedescortina.com\/de\/wp-json\/wp\/v2\/pages"}],"about":[{"href":"https:\/\/rifugiopomedescortina.com\/de\/wp-json\/wp\/v2\/types\/page"}],"author":[{"embeddable":true,"href":"https:\/\/rifugiopomedescortina.com\/de\/wp-json\/wp\/v2\/users\/1"}],"replies":[{"embeddable":true,"href":"https:\/\/rifugiopomedescortina.com\/de\/wp-json\/wp\/v2\/comments?post=826"}],"version-history":[{"count":7,"href":"https:\/\/rifugiopomedescortina.com\/de\/wp-json\/wp\/v2\/pages\/826\/revisions"}],"predecessor-version":[{"id":3313,"href":"https:\/\/rifugiopomedescortina.com\/de\/wp-json\/wp\/v2\/pages\/826\/revisions\/3313"}],"wp:attachment":[{"href":"https:\/\/rifugiopomedescortina.com\/de\/wp-json\/wp\/v2\/media?parent=826"}],"curies":[{"name":"wp","href":"https:\/\/api.w.org\/{rel}","templated":true}]}}