{"id":832,"date":"2020-07-02T15:58:25","date_gmt":"2020-07-02T15:58:25","guid":{"rendered":"https:\/\/rifugiopomedescortina.com\/das-restaurant\/"},"modified":"2024-01-22T14:32:58","modified_gmt":"2024-01-22T14:32:58","slug":"das-restaurant","status":"publish","type":"page","link":"https:\/\/rifugiopomedescortina.com\/de\/das-restaurant\/","title":{"rendered":"Das Restaurant"},"content":{"rendered":"\n<h1>\n\t\tDas Restaurant in der Bergh\u00fctte\n\t<\/h1>\n\t<p>Unsere K\u00fcche bietet seit immer eine einfache K\u00fcche an, mit <strong>hausgemachten Gerichten der Ampezzo-Tradition<\/strong>. Aufschnittplatten und Tiroler K\u00e4seteller, <strong>Casunziei<\/strong> aus Roten R\u00fcben, <strong>Canederli<\/strong> mit Speck, Teigtaschen mit Bergkr\u00e4utern, ger\u00e4uchertes Schweinerippenst\u00fcck, Rindergulasch; unsere K\u00fcche ist abwechslungsreich und gibt Ihnen die M\u00f6glichkeit, sie auf der <strong>Terrasse Solarium<\/strong> mit Blick auf Berge wie Pelmo, Croda da Lago und Lastroni di Formin zu kosten.<\/p>\n<p>Am Vormittag bietet die H\u00fctte ein <strong>reiches Fr\u00fchst\u00fccksbuffet<\/strong> mit hausgemachten Kuchen, Milchprodukte, Eier, Aufschnitt, K\u00e4se und Obst, an.\u00a0<\/p>\n<p>Das Restaurant und die Terrasse sind <strong>jeden Tag ge\u00f6ffnet<\/strong>; im Sommer von Ende Juni bis Mitte September und im Winter von Anfang Dezember bis Anfang April.<\/p>\n<p>ABENDESSEN MIT RESERVIERUNG.<\/p>\n\t\t\t<a href=\"https:\/\/rifugiopomedescortina.com\/wp-content\/uploads\/2024\/01\/menu-pomedes_2023-24.pdf\" download target=\"_self\" role=\"button\" rel=\"noopener\">\n\t\t\t\t\t\tSIEHE DAS MEN\u00dc\n\t\t\t\t\t<\/a>\n<h3>\n\t\tGallery\n\t<\/h3>\n\t<h5>Contact us<\/h5>\n 0436 862061<br \/>\n<a href=\"mailto:info@rifugiopomedescortina.com\"> E-mail<\/a>\n\t<h5>Website policy<\/h5>\n<p><a href=\"https:\/\/rifugiopomedescortina.com\/privacy\/\">Privacy e Cookie Policy<\/a><\/p>\n\t<h5>Connect us<\/h5>\n<div class=\"wpbf-social-icons  wpbf-social-shape-plain   wpbf-social-size-large\"><a class=\"wpbf-social-icon wpbf-social-facebook\" target=\"_blank\" href=\"https:\/\/www.facebook.com\/rifugiopomedes\/\" title=\"Facebook\"><i class=\"wpbff wpbff-facebook\" aria-hidden=\"true\"><\/i><\/a><a class=\"wpbf-social-icon wpbf-social-instagram\" target=\"_blank\" href=\"https:\/\/www.instagram.com\/rifugiopomedes\/\" title=\"Instagram\"><i class=\"wpbff wpbff-instagram\" aria-hidden=\"true\"><\/i><\/a><\/div>\n\t<h5>RIFUGIO POMEDES<\/h5>\nTorrioni di Pomedes 1<br \/>\nCortina d&#8217;Ampezzo, ITALY\n\n","protected":false},"excerpt":{"rendered":"<p>Das Restaurant in der Bergh\u00fctte Unsere K\u00fcche bietet seit immer eine einfache K\u00fcche an, mit hausgemachten Gerichten der Ampezzo-Tradition. Aufschnittplatten und Tiroler K\u00e4seteller, Casunziei aus Roten R\u00fcben, Canederli mit Speck, Teigtaschen mit Bergkr\u00e4utern, ger\u00e4uchertes Schweinerippenst\u00fcck, Rindergulasch; unsere K\u00fcche ist abwechslungsreich und gibt Ihnen die M\u00f6glichkeit, sie auf der Terrasse Solarium mit Blick auf Berge wie [&hellip;]<\/p>\n","protected":false},"author":1,"featured_media":0,"parent":0,"menu_order":0,"comment_status":"closed","ping_status":"closed","template":"","meta":{"inline_featured_image":false,"footnotes":""},"class_list":["post-832","page","type-page","status-publish","hentry","wpbf-post"],"yoast_head":"<!-- This site is optimized with the Yoast SEO plugin v26.1.1 - https:\/\/yoast.com\/wordpress\/plugins\/seo\/ -->\n<title>Das Restaurant - Rifugio Pomedes Cortina d&#039;Ampezzo<\/title>\n<meta name=\"robots\" content=\"index, follow, max-snippet:-1, max-image-preview:large, max-video-preview:-1\" \/>\n<link rel=\"canonical\" href=\"https:\/\/rifugiopomedescortina.com\/de\/das-restaurant\/\" \/>\n<meta property=\"og:locale\" content=\"de_DE\" \/>\n<meta property=\"og:type\" content=\"article\" \/>\n<meta property=\"og:title\" content=\"Das Restaurant - Rifugio Pomedes Cortina d&#039;Ampezzo\" \/>\n<meta property=\"og:description\" content=\"Das Restaurant in der Bergh\u00fctte Unsere K\u00fcche bietet seit immer eine einfache K\u00fcche an, mit hausgemachten Gerichten der Ampezzo-Tradition. Aufschnittplatten und Tiroler K\u00e4seteller, Casunziei aus Roten R\u00fcben, Canederli mit Speck, Teigtaschen mit Bergkr\u00e4utern, ger\u00e4uchertes Schweinerippenst\u00fcck, Rindergulasch; unsere K\u00fcche ist abwechslungsreich und gibt Ihnen die M\u00f6glichkeit, sie auf der Terrasse Solarium mit Blick auf Berge wie [&hellip;]\" \/>\n<meta property=\"og:url\" content=\"https:\/\/rifugiopomedescortina.com\/de\/das-restaurant\/\" \/>\n<meta property=\"og:site_name\" content=\"Rifugio Pomedes Cortina d&#039;Ampezzo\" \/>\n<meta property=\"article:modified_time\" content=\"2024-01-22T14:32:58+00:00\" \/>\n<meta name=\"twitter:card\" content=\"summary_large_image\" \/>\n<meta name=\"twitter:label1\" content=\"Gesch\u00e4tzte Lesezeit\" \/>\n\t<meta name=\"twitter:data1\" content=\"1\u00a0Minute\" \/>\n<script type=\"application\/ld+json\" class=\"yoast-schema-graph\">{\"@context\":\"https:\/\/schema.org\",\"@graph\":[{\"@type\":\"WebPage\",\"@id\":\"https:\/\/rifugiopomedescortina.com\/de\/das-restaurant\/\",\"url\":\"https:\/\/rifugiopomedescortina.com\/de\/das-restaurant\/\",\"name\":\"Das Restaurant - Rifugio Pomedes Cortina d'Ampezzo\",\"isPartOf\":{\"@id\":\"https:\/\/rifugiopomedescortina.com\/#website\"},\"datePublished\":\"2020-07-02T15:58:25+00:00\",\"dateModified\":\"2024-01-22T14:32:58+00:00\",\"breadcrumb\":{\"@id\":\"https:\/\/rifugiopomedescortina.com\/de\/das-restaurant\/#breadcrumb\"},\"inLanguage\":\"de\",\"potentialAction\":[{\"@type\":\"ReadAction\",\"target\":[\"https:\/\/rifugiopomedescortina.com\/de\/das-restaurant\/\"]}]},{\"@type\":\"BreadcrumbList\",\"@id\":\"https:\/\/rifugiopomedescortina.com\/de\/das-restaurant\/#breadcrumb\",\"itemListElement\":[{\"@type\":\"ListItem\",\"position\":1,\"name\":\"Home\",\"item\":\"https:\/\/rifugiopomedescortina.com\/\"},{\"@type\":\"ListItem\",\"position\":2,\"name\":\"Das Restaurant\"}]},{\"@type\":\"WebSite\",\"@id\":\"https:\/\/rifugiopomedescortina.com\/#website\",\"url\":\"https:\/\/rifugiopomedescortina.com\/\",\"name\":\"Rifugio Pomedes Cortina d'Ampezzo\",\"description\":\"Tofane - Dolomiti - Italy\",\"publisher\":{\"@id\":\"https:\/\/rifugiopomedescortina.com\/#organization\"},\"potentialAction\":[{\"@type\":\"SearchAction\",\"target\":{\"@type\":\"EntryPoint\",\"urlTemplate\":\"https:\/\/rifugiopomedescortina.com\/?s={search_term_string}\"},\"query-input\":{\"@type\":\"PropertyValueSpecification\",\"valueRequired\":true,\"valueName\":\"search_term_string\"}}],\"inLanguage\":\"de\"},{\"@type\":\"Organization\",\"@id\":\"https:\/\/rifugiopomedescortina.com\/#organization\",\"name\":\"Rifugio Pomedes Cortina d'Ampezzo\",\"url\":\"https:\/\/rifugiopomedescortina.com\/\",\"logo\":{\"@type\":\"ImageObject\",\"inLanguage\":\"de\",\"@id\":\"https:\/\/rifugiopomedescortina.com\/#\/schema\/logo\/image\/\",\"url\":\"https:\/\/rifugiopomedescortina.com\/wp-content\/uploads\/2019\/05\/pomedes-logo.svg\",\"contentUrl\":\"https:\/\/rifugiopomedescortina.com\/wp-content\/uploads\/2019\/05\/pomedes-logo.svg\",\"caption\":\"Rifugio Pomedes Cortina d'Ampezzo\"},\"image\":{\"@id\":\"https:\/\/rifugiopomedescortina.com\/#\/schema\/logo\/image\/\"}}]}<\/script>\n<!-- \/ Yoast SEO plugin. -->","yoast_head_json":{"title":"Das Restaurant - Rifugio Pomedes Cortina d'Ampezzo","robots":{"index":"index","follow":"follow","max-snippet":"max-snippet:-1","max-image-preview":"max-image-preview:large","max-video-preview":"max-video-preview:-1"},"canonical":"https:\/\/rifugiopomedescortina.com\/de\/das-restaurant\/","og_locale":"de_DE","og_type":"article","og_title":"Das Restaurant - Rifugio Pomedes Cortina d'Ampezzo","og_description":"Das Restaurant in der Bergh\u00fctte Unsere K\u00fcche bietet seit immer eine einfache K\u00fcche an, mit hausgemachten Gerichten der Ampezzo-Tradition. Aufschnittplatten und Tiroler K\u00e4seteller, Casunziei aus Roten R\u00fcben, Canederli mit Speck, Teigtaschen mit Bergkr\u00e4utern, ger\u00e4uchertes Schweinerippenst\u00fcck, Rindergulasch; unsere K\u00fcche ist abwechslungsreich und gibt Ihnen die M\u00f6glichkeit, sie auf der Terrasse Solarium mit Blick auf Berge wie [&hellip;]","og_url":"https:\/\/rifugiopomedescortina.com\/de\/das-restaurant\/","og_site_name":"Rifugio Pomedes Cortina d'Ampezzo","article_modified_time":"2024-01-22T14:32:58+00:00","twitter_card":"summary_large_image","twitter_misc":{"Gesch\u00e4tzte Lesezeit":"1\u00a0Minute"},"schema":{"@context":"https:\/\/schema.org","@graph":[{"@type":"WebPage","@id":"https:\/\/rifugiopomedescortina.com\/de\/das-restaurant\/","url":"https:\/\/rifugiopomedescortina.com\/de\/das-restaurant\/","name":"Das Restaurant - Rifugio Pomedes Cortina d'Ampezzo","isPartOf":{"@id":"https:\/\/rifugiopomedescortina.com\/#website"},"datePublished":"2020-07-02T15:58:25+00:00","dateModified":"2024-01-22T14:32:58+00:00","breadcrumb":{"@id":"https:\/\/rifugiopomedescortina.com\/de\/das-restaurant\/#breadcrumb"},"inLanguage":"de","potentialAction":[{"@type":"ReadAction","target":["https:\/\/rifugiopomedescortina.com\/de\/das-restaurant\/"]}]},{"@type":"BreadcrumbList","@id":"https:\/\/rifugiopomedescortina.com\/de\/das-restaurant\/#breadcrumb","itemListElement":[{"@type":"ListItem","position":1,"name":"Home","item":"https:\/\/rifugiopomedescortina.com\/"},{"@type":"ListItem","position":2,"name":"Das Restaurant"}]},{"@type":"WebSite","@id":"https:\/\/rifugiopomedescortina.com\/#website","url":"https:\/\/rifugiopomedescortina.com\/","name":"Rifugio Pomedes Cortina d'Ampezzo","description":"Tofane - Dolomiti - Italy","publisher":{"@id":"https:\/\/rifugiopomedescortina.com\/#organization"},"potentialAction":[{"@type":"SearchAction","target":{"@type":"EntryPoint","urlTemplate":"https:\/\/rifugiopomedescortina.com\/?s={search_term_string}"},"query-input":{"@type":"PropertyValueSpecification","valueRequired":true,"valueName":"search_term_string"}}],"inLanguage":"de"},{"@type":"Organization","@id":"https:\/\/rifugiopomedescortina.com\/#organization","name":"Rifugio Pomedes Cortina d'Ampezzo","url":"https:\/\/rifugiopomedescortina.com\/","logo":{"@type":"ImageObject","inLanguage":"de","@id":"https:\/\/rifugiopomedescortina.com\/#\/schema\/logo\/image\/","url":"https:\/\/rifugiopomedescortina.com\/wp-content\/uploads\/2019\/05\/pomedes-logo.svg","contentUrl":"https:\/\/rifugiopomedescortina.com\/wp-content\/uploads\/2019\/05\/pomedes-logo.svg","caption":"Rifugio Pomedes Cortina d'Ampezzo"},"image":{"@id":"https:\/\/rifugiopomedescortina.com\/#\/schema\/logo\/image\/"}}]}},"_links":{"self":[{"href":"https:\/\/rifugiopomedescortina.com\/de\/wp-json\/wp\/v2\/pages\/832","targetHints":{"allow":["GET"]}}],"collection":[{"href":"https:\/\/rifugiopomedescortina.com\/de\/wp-json\/wp\/v2\/pages"}],"about":[{"href":"https:\/\/rifugiopomedescortina.com\/de\/wp-json\/wp\/v2\/types\/page"}],"author":[{"embeddable":true,"href":"https:\/\/rifugiopomedescortina.com\/de\/wp-json\/wp\/v2\/users\/1"}],"replies":[{"embeddable":true,"href":"https:\/\/rifugiopomedescortina.com\/de\/wp-json\/wp\/v2\/comments?post=832"}],"version-history":[{"count":2,"href":"https:\/\/rifugiopomedescortina.com\/de\/wp-json\/wp\/v2\/pages\/832\/revisions"}],"predecessor-version":[{"id":3502,"href":"https:\/\/rifugiopomedescortina.com\/de\/wp-json\/wp\/v2\/pages\/832\/revisions\/3502"}],"wp:attachment":[{"href":"https:\/\/rifugiopomedescortina.com\/de\/wp-json\/wp\/v2\/media?parent=832"}],"curies":[{"name":"wp","href":"https:\/\/api.w.org\/{rel}","templated":true}]}}